{"id":2155,"date":"2024-09-20T10:29:17","date_gmt":"2024-09-20T10:29:17","guid":{"rendered":"https:\/\/kmvertical.camadeira.com\/?page_id=2155"},"modified":"2024-09-20T15:08:13","modified_gmt":"2024-09-20T15:08:13","slug":"informacoes-uteis-avisos","status":"publish","type":"page","link":"https:\/\/kmvertical.camadeira.com\/?page_id=2155","title":{"rendered":"Informa\u00e7\u00f5es uteis  &#8211; Avisos"},"content":{"rendered":"<div>\n<p><strong>PEITORAIS<\/strong><\/p>\n<p>Entrega antecipada de peitorais aos interessados \u2013 Sexta-feira \u2013\u00a0<strong>20 setembro 2024<\/strong>\u00a0\u2013 Das\u00a0<strong>16h30 \u00e0s 19h30<\/strong>\u00a0 &#8211; LOCAL &#8211; Rua do Paiol, n.\u00ba 25, Funchal 9000-642 &#8211; Localiza\u00e7\u00e3o no Google Maps &#8211;\u00a0<a href=\"https:\/\/www.google.com\/maps\/d\/u\/7\/edit?mid=1O7sYuLyhOuL1L5UZdXDZ6m9VtHGzHPQ&amp;ll=32.65456518704367%2C-16.917445899999997&amp;z=18\" target=\"_blank\" rel=\"noopener\" data-saferedirecturl=\"https:\/\/www.google.com\/url?q=https:\/\/www.google.com\/maps\/d\/u\/7\/edit?mid%3D1O7sYuLyhOuL1L5UZdXDZ6m9VtHGzHPQ%26ll%3D32.65456518704367%252C-16.917445899999997%26z%3D18&amp;source=gmail&amp;ust=1726914443670000&amp;usg=AOvVaw3N0BIz7JHQespkKjjZYIIF\">https:\/\/www.google.com\/maps\/<wbr \/>d\/u\/7\/edit?mid=<wbr \/>1O7sYuLyhOuL1L5UZdXDZ6m9VtHGzH<wbr \/>PQ&amp;ll=32.65456518704367%2C-16.<wbr \/>917445899999997&amp;z=18<\/a><\/p>\n<p><strong>O peitoral pode ainda ser levantado no Secretariado<\/strong>,\u00a0<strong>no Centro Desportivo da Madeira,\u00a0 no dia da prova a partir das 8h00,<\/strong>\u00a0chegando antecipadamente. Localiza\u00e7\u00e3o no Googlemaps &#8211;\u00a0<a href=\"https:\/\/maps.app.goo.gl\/DgLfquUVCV3SpdhP9\" target=\"_blank\" rel=\"noopener\" data-saferedirecturl=\"https:\/\/www.google.com\/url?q=https:\/\/maps.app.goo.gl\/DgLfquUVCV3SpdhP9&amp;source=gmail&amp;ust=1726914443670000&amp;usg=AOvVaw2t13BUJs5x315SyxKchbfu\">https:\/\/maps.app.goo.gl\/<wbr \/>DgLfquUVCV3SpdhP9<\/a><\/p>\n<p>Aten\u00e7\u00e3o:\u00a0<u>os inscritos n\u00e3o federados<\/u> s\u00f3 podem participar mediante a entrega do termo de responsabilidade devidamente assinado.<\/p>\n<\/div>\n<p>A cronometragem da prova ser\u00e1 feita atrav\u00e9s de chips inseridos no peitoral. Para o efeito o peitoral deve ser mantido \u00edntegro antes e durante a prova, n\u00e3o podendo ser dobrado. O peitoral deve ser mantido na zona peitoral\/abdominal durante toda a prova, e na Meta.<\/p>\n<p><strong>ACESSO \u00c0 PROVA<\/strong><\/p>\n<p>O Secretariado e Concentra\u00e7\u00e3o dos participantes \u00e9 no<a href=\"https:\/\/maps.app.goo.gl\/DgLfquUVCV3SpdhP9\" target=\"_blank\" rel=\"noopener\" data-saferedirecturl=\"https:\/\/www.google.com\/url?q=https:\/\/maps.app.goo.gl\/DgLfquUVCV3SpdhP9&amp;source=gmail&amp;ust=1726914443670000&amp;usg=AOvVaw2t13BUJs5x315SyxKchbfu\">\u00a0Centro Desportivo da Madeira, na Ribeira Brava<\/a>. Existe estacionamento pago no Centro Desportivo da Madeira.<\/p>\n<div><strong>PARTIDA<\/strong><\/div>\n<div>A\u00a0<u>hora indicada para iniciar as partidas \u00e9 \u00e0s 9h00 para o primeiro participante<\/u>.<\/div>\n<div><\/div>\n<div><strong>O acesso \u00e0 PARTIDA<\/strong>\u00a0deve ser efetuado a p\u00e9,\u00a0<strong>a partir do Centro Desportivo da Madeira<\/strong>,\u00a0<strong>num trajeto sinalizado com cerca de 1km.<\/strong><\/div>\n<div><\/div>\n<div>Todos os participantes dever\u00e3o comparecer no m\u00ednimo 20 minutos antes da sua hora de partida no Centro Desportivo da Madeira, para iniciar o trajeto de liga\u00e7\u00e3o \u00e0 partida com aproximadamente 1km.<\/div>\n<div><\/div>\n<div><b>O local de Partida tem um espa\u00e7o restrito e condicionado! Os participantes ou acompanhantes N\u00c3O dever\u00e3o levar viatura ou estacionar nas proximidades.<\/b><\/div>\n<div><a href=\"https:\/\/kmvertical.camadeira.com\/?page_id=1707\" target=\"_blank\" rel=\"noopener\" data-saferedirecturl=\"https:\/\/www.google.com\/url?q=https:\/\/kmvertical.camadeira.com\/?page_id%3D1707&amp;source=gmail&amp;ust=1726914443670000&amp;usg=AOvVaw2gqVrSXJqpLnWsYbU-32Bf\"><strong>PERCURSO \/ DURANTE A PROVA\/SINALIZA\u00c7\u00c3O<\/strong><\/a><\/div>\n<div>O percurso da prova tem 2km de extens\u00e3o e 530m D+, dados aproximados. O itiner\u00e1rio \u00e9 maioritariamente em subida com recurso a degraus, existindo alguns parciais aplanados. Os participantes em ritmos mais lentos devem facilitar a passagem, mantendo a seguran\u00e7a na progress\u00e3o.<\/div>\n<div>O percurso estar\u00e1 sinalizado com fitas de cor vermelha, com setas vermelhas e branco\u00a0 sempre que necess\u00e1rio refor\u00e7ar a informa\u00e7\u00e3o da dire\u00e7\u00e3o a tomar. Os atletas devem estar atentos \u00e0s op\u00e7\u00f5es de itiner\u00e1rio, seguindo as que t\u00eam sinaliza\u00e7\u00e3o. N\u00e3o devem percorrer longos trajetos sem sinaliza\u00e7\u00e3o, mais que 100 metros sem sinaliza\u00e7\u00e3o devem p\u00f4r em causa a op\u00e7\u00e3o tomada.<\/div>\n<div><\/div>\n<p><u>\u00a0Meios de Progress\u00e3o na Competi\u00e7\u00e3o<\/u><br \/>\nO \u00fanico meio de progress\u00e3o permitido em todo o percurso \u00e9 a desloca\u00e7\u00e3o a p\u00e9, sendo proibido qualquer tipo de ajuda, que n\u00e3o seja o seu f\u00edsico.<strong>\u00a0N\u00e3o \u00e9 permitida\u00a0<\/strong><strong>a utiliza\u00e7\u00e3o de bast\u00f5es de marcha.<\/strong><\/p>\n<p><strong>META<\/strong><\/p>\n<p>Os participantes concluem a sua prova ao passar sobre a linha definida como META, com o seu peitoral fixado na zona peitoral\/abdominal, condi\u00e7\u00e3o essencial para o registo do tempo de prova e apuramento da classifica\u00e7\u00e3o.<\/p>\n<p>Ap\u00f3s cruzar a linha de Meta devem continuar por mais alguns metros, dirigindo-se ao abastecimento.<\/p>\n<div>\n<div><strong>ABASTECIMENTO<\/strong><\/div>\n<div>Ap\u00f3s a Meta haver\u00e1 o fornecimento de uma \u00e1gua e uma pe\u00e7a de fruta\/ Barra de Cereais.<\/div>\n<\/div>\n<p><strong>REGRESSO \u00c0 ZONA DE CONCENTRA\u00c7\u00c3O<\/strong><\/p>\n<p>Ap\u00f3s cruzar a linha de Meta os participantes dever\u00e3o aguardar at\u00e9 que a organiza\u00e7\u00e3o indique a possibilidade de regresso. O itiner\u00e1rio de regresso est\u00e1 sinalizado, coincidindo em parte com itiner\u00e1rio de prova.\u00a0 No regresso dever\u00e3o parar, ceder a passagem em seguran\u00e7a e sem qualquer constrangimento para participantes ainda em prova.<\/p>\n<div>\n<div>\n<p><strong>ENTREGA DE PR\u00c9MIOS<\/strong><\/p>\n<p>Previs\u00e3o 12h00, no Centro Desportivo da Madeira.<\/p>\n<\/div>\n<\/div>\n","protected":false},"excerpt":{"rendered":"<p>PEITORAIS Entrega antecipada de peitorais aos interessados \u2013 Sexta-feira \u2013\u00a020 setembro 2024\u00a0\u2013 Das\u00a016h30 \u00e0s 19h30\u00a0 &#8211; LOCAL &#8211; Rua do Paiol, n.\u00ba 25, Funchal 9000-642 &#8211; Localiza\u00e7\u00e3o no Google Maps &#8211;\u00a0https:\/\/www.google.com\/maps\/d\/u\/7\/edit?mid=1O7sYuLyhOuL1L5UZdXDZ6m9VtHGzHPQ&amp;ll=32.65456518704367%2C-16.917445899999997&amp;z=18 O peitoral pode ainda ser levantado no Secretariado,\u00a0no Centro Desportivo da Madeira,\u00a0 no dia da prova a partir das 8h00,\u00a0chegando antecipadamente. Localiza\u00e7\u00e3o no Googlemaps &hellip; <\/p>\n<p><a class=\"more-link btn\" href=\"https:\/\/kmvertical.camadeira.com\/?page_id=2155\">Continue reading<\/a><\/p>\n","protected":false},"author":1,"featured_media":0,"parent":0,"menu_order":0,"comment_status":"closed","ping_status":"closed","template":"","meta":{"footnotes":""},"class_list":["post-2155","page","type-page","status-publish","hentry","nodate","item-wrap"],"_links":{"self":[{"href":"https:\/\/kmvertical.camadeira.com\/index.php?rest_route=\/wp\/v2\/pages\/2155","targetHints":{"allow":["GET"]}}],"collection":[{"href":"https:\/\/kmvertical.camadeira.com\/index.php?rest_route=\/wp\/v2\/pages"}],"about":[{"href":"https:\/\/kmvertical.camadeira.com\/index.php?rest_route=\/wp\/v2\/types\/page"}],"author":[{"embeddable":true,"href":"https:\/\/kmvertical.camadeira.com\/index.php?rest_route=\/wp\/v2\/users\/1"}],"replies":[{"embeddable":true,"href":"https:\/\/kmvertical.camadeira.com\/index.php?rest_route=%2Fwp%2Fv2%2Fcomments&post=2155"}],"version-history":[{"count":3,"href":"https:\/\/kmvertical.camadeira.com\/index.php?rest_route=\/wp\/v2\/pages\/2155\/revisions"}],"predecessor-version":[{"id":2164,"href":"https:\/\/kmvertical.camadeira.com\/index.php?rest_route=\/wp\/v2\/pages\/2155\/revisions\/2164"}],"wp:attachment":[{"href":"https:\/\/kmvertical.camadeira.com\/index.php?rest_route=%2Fwp%2Fv2%2Fmedia&parent=2155"}],"curies":[{"name":"wp","href":"https:\/\/api.w.org\/{rel}","templated":true}]}}