{"id":757,"date":"2018-04-12T20:20:57","date_gmt":"2018-04-12T20:20:57","guid":{"rendered":"http:\/\/kmvertical.camadeira.com\/?page_id=757"},"modified":"2021-07-08T19:12:28","modified_gmt":"2021-07-08T19:12:28","slug":"inscricoes-2","status":"publish","type":"page","link":"http:\/\/kmvertical.camadeira.com\/?page_id=757","title":{"rendered":"Inscri\u00e7\u00f5es 2021"},"content":{"rendered":"<p style=\"text-align: justify;\">\n<\/p><ul>\n<li style=\"text-align: justify;\">As inscri\u00e7\u00f5es est\u00e3o dispon\u00edveis on-line, no site do evento em <a href=\"http:\/\/kmvertical.camadeira.com\/\">http:\/\/kmvertical.camadeira.com\/<\/a><\/li>\n<li style=\"text-align: justify;\">Ao formalizar a inscri\u00e7\u00e3o o interessado receber\u00e1 no endere\u00e7o de correio eletr\u00f3nico fornecido, uma c\u00f3pia dos dados submetidos e onde constam dados banc\u00e1rios para efetuar o pagamento da inscri\u00e7\u00e3o por transfer\u00eancia banc\u00e1ria. (Aten\u00e7\u00e3o para a correta introdu\u00e7\u00e3o do endere\u00e7o de correio eletr\u00f3nico no ato de inscri\u00e7\u00e3o).<\/li>\n<li>\u00c9 poss\u00edvel agrupar o pagamento de v\u00e1rias inscri\u00e7\u00f5es &#8211; O comprovativo de pagamento deve ser enviado para o email: camadeira.eventos@gmail.com , referindo a que inscritos refere-se o pagamento.<\/li>\n<li style=\"text-align: justify;\">A confirma\u00e7\u00e3o da inscri\u00e7\u00e3o \u00e9 feita com o pagamento, que dever\u00e1 ser efetuado at\u00e9 \u00e0 data limite referente ao per\u00edodo de inscri\u00e7\u00e3o &#8211; Dia 18 de julho de 2021.<\/li>\n<li style=\"text-align: justify;\"><u>A taxa de inscri\u00e7\u00e3o \u00e9 de 9 Euros para federados na modalidade Skyrunning (FCMP) e 10 Euros para n\u00e3o federados<\/u>.<\/li>\n<li style=\"text-align: justify;\">O cancelamento de inscri\u00e7\u00f5es s\u00f3 \u00e9 poss\u00edvel at\u00e9 ao dia 18 de julho de 2021. Nestes casos os interessados dever\u00e3o facultar um NIB, sendo a devolu\u00e7\u00e3o efetuada no m\u00ednimo uma semana depois da realiza\u00e7\u00e3o do evento.<\/li>\n<li style=\"text-align: justify;\">Em caso de interrup\u00e7\u00e3o ou cancelamento do evento, porque as condi\u00e7\u00f5es meteorol\u00f3gicas assim o exigem, ou no caso de ser efetuado um percurso alternativo, as taxas de inscri\u00e7\u00e3o n\u00e3o ser\u00e3o devolvidas.<\/li>\n<li style=\"text-align: justify;\">O <u>n\u00famero de inscri\u00e7\u00f5es dispon\u00edveis \u00e9 de 150<\/u>, podendo a organiza\u00e7\u00e3o alterar conforme a disponibilidade log\u00edstica.<\/li>\n<li style=\"text-align: justify;\">A taxa de inscri\u00e7\u00e3o, para al\u00e9m da realiza\u00e7\u00e3o da prova em competi\u00e7\u00e3o, inclui Seguro de Acidentes Pessoais, alimenta\u00e7\u00e3o ligeira no final da prova e acesso aos pr\u00e9mios previstos segundo as classifica\u00e7\u00f5es obtidas.<\/li>\n<li><strong><a href=\"https:\/\/docs.google.com\/forms\/d\/e\/1FAIpQLSfFNf45N8iIpLO5nK5srW70ZjSodeRrRfIOTe5c2MAK3lUozA\/viewform\" target=\"_blank\" rel=\"noopener\">INSCRI\u00c7\u00d5ES&nbsp;<\/a><\/strong><\/li>\n<\/ul>\n<p><a href=\"https:\/\/docs.google.com\/forms\/d\/e\/1FAIpQLSfFNf45N8iIpLO5nK5srW70ZjSodeRrRfIOTe5c2MAK3lUozA\/viewform\" target=\"_blank\" rel=\"noopener\"><img loading=\"lazy\" decoding=\"async\" class=\"aligncenter size-full wp-image-1051\" src=\"http:\/\/kmvertical.camadeira.com\/wp-content\/uploads\/2015\/12\/insri\u00e7\u00f5es.png\" alt=\"\" width=\"398\" height=\"370\" srcset=\"http:\/\/kmvertical.camadeira.com\/wp-content\/uploads\/2015\/12\/insri\u00e7\u00f5es.png 398w, http:\/\/kmvertical.camadeira.com\/wp-content\/uploads\/2015\/12\/insri\u00e7\u00f5es-300x279.png 300w\" sizes=\"auto, (max-width: 398px) 100vw, 398px\" \/><\/a><\/p>\n\n\n<p><\/p>\n","protected":false},"excerpt":{"rendered":"<p>As inscri\u00e7\u00f5es est\u00e3o dispon\u00edveis on-line, no site do evento em http:\/\/kmvertical.camadeira.com\/ Ao formalizar a inscri\u00e7\u00e3o o interessado receber\u00e1 no endere\u00e7o de correio eletr\u00f3nico fornecido, uma c\u00f3pia dos dados submetidos e onde constam dados banc\u00e1rios para efetuar o pagamento da inscri\u00e7\u00e3o por transfer\u00eancia banc\u00e1ria. (Aten\u00e7\u00e3o para a correta introdu\u00e7\u00e3o do endere\u00e7o de correio eletr\u00f3nico no ato &hellip; <\/p>\n<p><a class=\"more-link btn\" href=\"http:\/\/kmvertical.camadeira.com\/?page_id=757\">Continue reading<\/a><\/p>\n","protected":false},"author":1,"featured_media":0,"parent":0,"menu_order":3,"comment_status":"closed","ping_status":"closed","template":"","meta":{"footnotes":""},"class_list":["post-757","page","type-page","status-publish","hentry","nodate","item-wrap"],"_links":{"self":[{"href":"http:\/\/kmvertical.camadeira.com\/index.php?rest_route=\/wp\/v2\/pages\/757","targetHints":{"allow":["GET"]}}],"collection":[{"href":"http:\/\/kmvertical.camadeira.com\/index.php?rest_route=\/wp\/v2\/pages"}],"about":[{"href":"http:\/\/kmvertical.camadeira.com\/index.php?rest_route=\/wp\/v2\/types\/page"}],"author":[{"embeddable":true,"href":"http:\/\/kmvertical.camadeira.com\/index.php?rest_route=\/wp\/v2\/users\/1"}],"replies":[{"embeddable":true,"href":"http:\/\/kmvertical.camadeira.com\/index.php?rest_route=%2Fwp%2Fv2%2Fcomments&post=757"}],"version-history":[{"count":32,"href":"http:\/\/kmvertical.camadeira.com\/index.php?rest_route=\/wp\/v2\/pages\/757\/revisions"}],"predecessor-version":[{"id":1304,"href":"http:\/\/kmvertical.camadeira.com\/index.php?rest_route=\/wp\/v2\/pages\/757\/revisions\/1304"}],"wp:attachment":[{"href":"http:\/\/kmvertical.camadeira.com\/index.php?rest_route=%2Fwp%2Fv2%2Fmedia&parent=757"}],"curies":[{"name":"wp","href":"https:\/\/api.w.org\/{rel}","templated":true}]}}